{"id":469918,"date":"2025-12-17T14:47:27","date_gmt":"2025-12-17T13:47:27","guid":{"rendered":"https:\/\/wes.lu\/datenschutzerklaerung\/"},"modified":"2025-12-17T14:49:35","modified_gmt":"2025-12-17T13:49:35","slug":"datenschutzerklaerung","status":"publish","type":"page","link":"https:\/\/wes.lu\/de\/datenschutzerklaerung\/","title":{"rendered":"Datenschutzerkl\u00e4rung"},"content":{"rendered":"<p>[et_pb_section fb_built=&#8220;1&#8243; _builder_version=&#8220;4.27.4&#8243; _module_preset=&#8220;default&#8220; global_colors_info=&#8220;{}&#8220;][et_pb_row _builder_version=&#8220;4.27.4&#8243; _module_preset=&#8220;default&#8220; global_colors_info=&#8220;{}&#8220;][et_pb_column type=&#8220;4_4&#8243; _builder_version=&#8220;4.27.4&#8243; _module_preset=&#8220;default&#8220; global_colors_info=&#8220;{}&#8220;][et_pb_text _builder_version=&#8220;4.27.5&#8243; _module_preset=&#8220;default&#8220; hover_enabled=&#8220;0&#8243; global_colors_info=&#8220;{}&#8220; sticky_enabled=&#8220;0&#8243;]<\/p>\n<h1>Datenschutzerkl\u00e4rung<\/h1>\n<p><strong>Richtlinie zur Aufbewahrung personenbezogener Daten<\/strong><\/p>\n<h2>1. Wer sind wir &amp; Was tun wir?<\/h2>\n<p>WAGNER Electric Solutions S.A. ist ein Unternehmen, das auf den Bereich der Geb\u00e4udetechnik spezialisiert ist, mit besonderer Expertise in der Elektroinstallation. Das Unternehmen ist in Hosingen und Luxemburg-Stadt (Luxemburg) ans\u00e4ssig und geh\u00f6rt zur WAGNERTECH-Gruppe. <\/p>\n<p><strong>WAGNER Electric Solutions S.A.<\/strong><br \/>35, Z.A.E.R Op der H\u00e9i | L-9809 Hosingen<br \/>5, rue Christophe Plantin | L-2339 Luxembourg<\/p>\n<h2>2. Wessen pers\u00f6nliche Daten sammeln wir?<\/h2>\n<ul>\n<li>Unserer Kunden<\/li>\n<li>Besucher unserer Webseite<\/li>\n<li>Unserer Lieferanten und DienstleisternDe nos fournisseurs et prestataires de services<\/li>\n<li>Unserem Personal, sowie Bewerber<\/li>\n<li>Potenzielle Interessenten<\/li>\n<\/ul>\n<h2>3. Warum ben\u00f6tigen wir Ihre pers\u00f6nliche Daten?<\/h2>\n<ul>\n<li>Damit wir die vertragliche Dienstleistungsvereinbarung f\u00fcr die angeforderten Leistungen erf\u00fcllen k\u00f6nnen<\/li>\n<li>Um unsere Anlageninventur und das unserer Kunden zu sichern<\/li>\n<li>Um den Zugang und die Sicherheit nachzuweisen<\/li>\n<li>Um spezifische Anfragen unserer Kunden zu gew\u00e4hrleisten<\/li>\n<li>Kommunikation mit und zwischen Personen und Unternehmen f\u00fcr das t\u00e4gliche Gesch\u00e4ft, Notf\u00e4lle und Marketing<\/li>\n<li>Um den Verkehr von Webseiten und Webportalen zu analysieren<\/li>\n<\/ul>\n<h2>4. Welche Art von pers\u00f6nlichen Daten sammeln wir?<\/h2>\n<ul>\n<li>Vor- und Nachnamen<\/li>\n<li>E-Mail-Adresse<\/li>\n<li>Telefonnummer<\/li>\n<li>Firmennamen<\/li>\n<li>Firmenadresse<\/li>\n<li>Job-Titel<\/li>\n<li>Sprache<\/li>\n<li>IP Adresse\/cookies (Website)<\/li>\n<li>Videoaufnahmen (CCTV)<\/li>\n<li>HR-bezogene Daten (Mitarbeiterf\u00fchrung)<\/li>\n<li>Unterschrift<\/li>\n<\/ul>\n<h2>5. Wie und wann sammeln wir Ihre pers\u00f6nliche Daten?<\/h2>\n<ul>\n<li>Sobald Sie einen Vertrag mit uns unterschreiben<\/li>\n<li>Sobald Sie sich per Telefon, Fax, E-Mail oder Internet mit uns in Verbindung setzen<\/li>\n<li>Wenn Sie unsere R\u00e4umlichkeiten physisch besuchen<\/li>\n<li>Wenn Sie ein Angebot anfordern<\/li>\n<li>Wenn Sie unsere Website besuchen oder ein Formular auf unserer Website \/ unserem Webportal ausf\u00fcllen<\/li>\n<li>Wenn Sie f\u00fcr uns arbeiten oder f\u00fcr uns arbeiten m\u00f6chten<\/li>\n<li>Wenn Sie uns auf einer Veranstaltung oder Messe treffen<\/li>\n<li>Wenn Ihr Arbeitgeber, Ihr Kunde, Ihr Lieferant, Ihr Gesch\u00e4ftspartner uns Ihre pers\u00f6nlichen Daten sendet<\/li>\n<\/ul>\n<h2>6. Wann geben Sie uns Ihre Zustimmung, Ihre pers\u00f6nlichen Daten zu sammeln?<\/h2>\n<p>Sobald Sie sich mit uns in Verbindung setzen, zum Beispiel f\u00fcr Angebotsanfragen oder Serviceanfragen. Durch die Kontaktaufnahme mit Wagnet erkl\u00e4ren Sie sich damit einverstanden, Ihre pers\u00f6nlichen Daten standardm\u00e4\u00dfig zu verarbeiten. Durch das Akzeptieren von Cookies auf unserer Website stimmen Sie auch unserer Verarbeitung Ihrer pers\u00f6nlichen Daten zu.  <\/p>\n<h2>7. Wo speichern wir Ihre pers\u00f6nlichen Daten?<\/h2>\n<p>Ihre Daten werden in Papierform und\/ oder in digitaler Form auf unseren hochverf\u00fcgbarkeits EDV Systemen und Servern gespeichert. Unsere Systeme und Server befinden sich in Luxemburg. <\/p>\n<p>Diese Website benutzt Google Analytics, einen Webanalysedienst der Google Inc. (&#8222;Google&#8220;). Die gesammelten Daten werden in den USA verarbeitet. <\/p>\n<p>Auch wird Google diese Informationen gegebenenfalls an Dritte \u00fcbertragen, sofern dies gesetzlich vorgeschrieben ist oder die Datenverarbeitung durch Dritte im Auftrag von Google erfolgt. Google wird in keinem Fall die IP-Adresse des Nutzers mit anderen Daten von Google in Verbindung bringen.<\/p>\n<p>Durch die Nutzung dieser Website erkl\u00e4rt sich der Nutzer mit der Bearbeitung der \u00fcber ihn erhobenen Daten durch Google einverstanden.<\/p>\n<h2>8. Wie lange bewahren wir Ihre pers\u00f6nliche Daten auf?<\/h2>\n<ul>\n<li>Im Rahmen unserer Gesch\u00e4ftsaktivit\u00e4ten in Luxemburg unterliegen wir den geltenden gesetzlichen und regulatorischen Bestimmungen zur Aufbewahrungsfrist von Dokumenten. Dies gilt f\u00fcr Daten, die f\u00fcr Buchhaltung, Finanzen und Vertr\u00e4ge usw. verwendet werden.<\/li>\n<li>Videoaufnahmen von unseren \u00dcberwachungskameras werden 30 Tage aufbewahrt.<\/li>\n<li>Alle anderen Daten werden nach 2 Jahren gel\u00f6scht oder nach Beendigung der vertragsabh\u00e4ngigen Vereinbarungen.<\/li>\n<\/ul>\n<h2>9. Wer ist mit Ihren pers\u00f6nlichen Daten in Kontakt?<\/h2>\n<p>Wir teilen Ihre Daten nur mit dem jeweiligen internen Personal, das f\u00fcr die Bereitstellung oder Unterst\u00fctzung der angeforderten Dienste notwendig ist. Unser Personal besteht aus der Wagner-Gruppe und unseren beauftragten Drittanbietern f\u00fcr Gehaltsabrechnung oder Rechtsberater. <br \/>Wir teilen keine pers\u00f6nlichen Daten an Dritte weiter, au\u00dfer wir sind gesetzlich dazu verpflichtet. Wenn gesetzlich verpflichtet, werden wir alle Betroffenen benachrichtigen.<\/p>\n<h2>10. Wie sch\u00fctzen wir Ihre pers\u00f6nlichen Daten?<\/h2>\n<p>Ihre Daten werden durch moderne IT-Sicherheitsma\u00dfnahmen in einem sicheren Geb\u00e4ude und auch durch einen Verhaltenskodex f\u00fcr Informationssicherheit gesch\u00fctzt. Unsere Ma\u00dfnahmen zur Informationssicherheit sind auf dem neuesten Stand der Technik und folgen den CNIL-Richtlinien.<\/p>\n<h2>11. Was tun wir im Falle eines Datenschutzversto\u03b2es?<\/h2>\n<p>Wir werden den Versto\u00df unverz\u00fcglich analysieren und die betroffenen Parteien sowie die CNPD und die Betroffenen informieren. Alle Details zur Benachrichtigung von Aktionen werden in \u00dcbereinstimmung mit den DSGVO-Artikeln 33 &amp; 34 erfolgen.<\/p>\n<h2>12. Welche Rechte haben Sie?<\/h2>\n<p>ede Person, deren personenbezogene Daten von Wagnertech, Teil der Wagner-Gruppe, gesammelt und gespeichert wurden, besitzt die Rechte, wie sie in den DSGVO-Artikeln 15 bis 22 angegeben sind.<\/p>\n<p>Bitte beachten Sie, falls Ihre pers\u00f6nliche Daten von Ihrem Arbeitgeber, Kunden, Lieferanten oder Gesch\u00e4ftspartner, an uns \u00fcbermittelt wurden, werden wir zuerst diese Personen benachrichtigen, bevor wir Ihre Anfrage bearbeiten.<\/p>\n<h2>13. Wie k\u00f6nnen Sie uns bez\u00fcglich Ihrer pers\u00f6nlichen Daten kontaktieren?<\/h2>\n<p>F\u00fcr allgemeine Fragen zu unseren Richtlinien, unseren Sicherheitsma\u00dfnahmen oder allgemeinen Datenschutzanfragen, senden Sie uns bitte eine E-Mail an: <a href=\"mailto:dpo@groupwagner.lu\"><span style=\"color: #336fb6 !important;\">dpo@groupwagner.lu<\/span><\/a>.<\/p>\n<p>Offizielle Anfragen, bez\u00fcglich der Artikel 15 bis 22 aus dem DSGVO, sind per schriftlicher Einschreiben mit einer Kopie Ihres Ausweises zu richten und innerhalb eines Monats nach Erhalt zu bearbeiten.<\/p>\n<p>ATTN: Datenschutzbeauftragter<\/p>\n<p>&nbsp;<\/p>\n<p>[\/et_pb_text][\/et_pb_column][\/et_pb_row][\/et_pb_section]<\/p>\n","protected":false},"excerpt":{"rendered":"<p>Datenschutzerkl\u00e4rung Richtlinie zur Aufbewahrung personenbezogener Daten 1. Wer sind wir &amp; Was tun wir? WAGNER Electric Solutions S.A. ist ein Unternehmen, das auf den Bereich der Geb\u00e4udetechnik spezialisiert ist, mit besonderer Expertise in der Elektroinstallation. Das Unternehmen ist in Hosingen und Luxemburg-Stadt (Luxemburg) ans\u00e4ssig und geh\u00f6rt zur WAGNERTECH-Gruppe. WAGNER Electric Solutions S.A.35, Z.A.E.R Op der [&hellip;]<\/p>\n","protected":false},"author":1,"featured_media":0,"parent":0,"menu_order":0,"comment_status":"closed","ping_status":"closed","template":"","meta":{"_et_pb_use_builder":"on","_et_pb_old_content":"","_et_gb_content_width":"","inline_featured_image":false,"footnotes":""},"class_list":["post-469918","page","type-page","status-publish","hentry"],"yoast_head":"<!-- This site is optimized with the Yoast SEO plugin v27.5 - https:\/\/yoast.com\/product\/yoast-seo-wordpress\/ -->\n<title>Datenschutzerkl\u00e4rung - WES<\/title>\n<meta name=\"robots\" content=\"index, follow, max-snippet:-1, max-image-preview:large, max-video-preview:-1\" \/>\n<link rel=\"canonical\" href=\"https:\/\/wes.lu\/de\/datenschutzerklaerung\/\" \/>\n<meta property=\"og:locale\" content=\"de_DE\" \/>\n<meta property=\"og:type\" content=\"article\" \/>\n<meta property=\"og:title\" content=\"Datenschutzerkl\u00e4rung - WES\" \/>\n<meta property=\"og:description\" content=\"Datenschutzerkl\u00e4rung Richtlinie zur Aufbewahrung personenbezogener Daten 1. Wer sind wir &amp; Was tun wir? WAGNER Electric Solutions S.A. ist ein Unternehmen, das auf den Bereich der Geb\u00e4udetechnik spezialisiert ist, mit besonderer Expertise in der Elektroinstallation. Das Unternehmen ist in Hosingen und Luxemburg-Stadt (Luxemburg) ans\u00e4ssig und geh\u00f6rt zur WAGNERTECH-Gruppe. WAGNER Electric Solutions S.A.35, Z.A.E.R Op der [&hellip;]\" \/>\n<meta property=\"og:url\" content=\"https:\/\/wes.lu\/de\/datenschutzerklaerung\/\" \/>\n<meta property=\"og:site_name\" content=\"WES\" \/>\n<meta property=\"article:modified_time\" content=\"2025-12-17T13:49:35+00:00\" \/>\n<meta name=\"twitter:card\" content=\"summary_large_image\" \/>\n<meta name=\"twitter:label1\" content=\"Gesch\u00e4tzte Lesezeit\" \/>\n\t<meta name=\"twitter:data1\" content=\"4\u00a0Minuten\" \/>\n<script type=\"application\/ld+json\" class=\"yoast-schema-graph\">{\"@context\":\"https:\\\/\\\/schema.org\",\"@graph\":[{\"@type\":\"WebPage\",\"@id\":\"https:\\\/\\\/wes.lu\\\/de\\\/datenschutzerklaerung\\\/\",\"url\":\"https:\\\/\\\/wes.lu\\\/de\\\/datenschutzerklaerung\\\/\",\"name\":\"Datenschutzerkl\u00e4rung - WES\",\"isPartOf\":{\"@id\":\"https:\\\/\\\/wes.lu\\\/#website\"},\"datePublished\":\"2025-12-17T13:47:27+00:00\",\"dateModified\":\"2025-12-17T13:49:35+00:00\",\"breadcrumb\":{\"@id\":\"https:\\\/\\\/wes.lu\\\/de\\\/datenschutzerklaerung\\\/#breadcrumb\"},\"inLanguage\":\"de\",\"potentialAction\":[{\"@type\":\"ReadAction\",\"target\":[\"https:\\\/\\\/wes.lu\\\/de\\\/datenschutzerklaerung\\\/\"]}]},{\"@type\":\"BreadcrumbList\",\"@id\":\"https:\\\/\\\/wes.lu\\\/de\\\/datenschutzerklaerung\\\/#breadcrumb\",\"itemListElement\":[{\"@type\":\"ListItem\",\"position\":1,\"name\":\"Accueil\",\"item\":\"https:\\\/\\\/wes.lu\\\/?lang=de\"},{\"@type\":\"ListItem\",\"position\":2,\"name\":\"Datenschutzerkl\u00e4rung\"}]},{\"@type\":\"WebSite\",\"@id\":\"https:\\\/\\\/wes.lu\\\/#website\",\"url\":\"https:\\\/\\\/wes.lu\\\/\",\"name\":\"WES\",\"description\":\"Alles aus enger Hand.\",\"publisher\":{\"@id\":\"https:\\\/\\\/wes.lu\\\/#organization\"},\"potentialAction\":[{\"@type\":\"SearchAction\",\"target\":{\"@type\":\"EntryPoint\",\"urlTemplate\":\"https:\\\/\\\/wes.lu\\\/?s={search_term_string}\"},\"query-input\":{\"@type\":\"PropertyValueSpecification\",\"valueRequired\":true,\"valueName\":\"search_term_string\"}}],\"inLanguage\":\"de\"},{\"@type\":\"Organization\",\"@id\":\"https:\\\/\\\/wes.lu\\\/#organization\",\"name\":\"WAGNER Electric Solutions\",\"url\":\"https:\\\/\\\/wes.lu\\\/\",\"logo\":{\"@type\":\"ImageObject\",\"inLanguage\":\"de\",\"@id\":\"https:\\\/\\\/wes.lu\\\/#\\\/schema\\\/logo\\\/image\\\/\",\"url\":\"https:\\\/\\\/wes.lu\\\/wp-content\\\/uploads\\\/2021\\\/10\\\/FD-electric-Logo-.svg\",\"contentUrl\":\"https:\\\/\\\/wes.lu\\\/wp-content\\\/uploads\\\/2021\\\/10\\\/FD-electric-Logo-.svg\",\"width\":\"1024\",\"height\":\"1024\",\"caption\":\"WAGNER Electric Solutions\"},\"image\":{\"@id\":\"https:\\\/\\\/wes.lu\\\/#\\\/schema\\\/logo\\\/image\\\/\"}}]}<\/script>\n<!-- \/ Yoast SEO plugin. -->","yoast_head_json":{"title":"Datenschutzerkl\u00e4rung - WES","robots":{"index":"index","follow":"follow","max-snippet":"max-snippet:-1","max-image-preview":"max-image-preview:large","max-video-preview":"max-video-preview:-1"},"canonical":"https:\/\/wes.lu\/de\/datenschutzerklaerung\/","og_locale":"de_DE","og_type":"article","og_title":"Datenschutzerkl\u00e4rung - WES","og_description":"Datenschutzerkl\u00e4rung Richtlinie zur Aufbewahrung personenbezogener Daten 1. Wer sind wir &amp; Was tun wir? WAGNER Electric Solutions S.A. ist ein Unternehmen, das auf den Bereich der Geb\u00e4udetechnik spezialisiert ist, mit besonderer Expertise in der Elektroinstallation. Das Unternehmen ist in Hosingen und Luxemburg-Stadt (Luxemburg) ans\u00e4ssig und geh\u00f6rt zur WAGNERTECH-Gruppe. WAGNER Electric Solutions S.A.35, Z.A.E.R Op der [&hellip;]","og_url":"https:\/\/wes.lu\/de\/datenschutzerklaerung\/","og_site_name":"WES","article_modified_time":"2025-12-17T13:49:35+00:00","twitter_card":"summary_large_image","twitter_misc":{"Gesch\u00e4tzte Lesezeit":"4\u00a0Minuten"},"schema":{"@context":"https:\/\/schema.org","@graph":[{"@type":"WebPage","@id":"https:\/\/wes.lu\/de\/datenschutzerklaerung\/","url":"https:\/\/wes.lu\/de\/datenschutzerklaerung\/","name":"Datenschutzerkl\u00e4rung - WES","isPartOf":{"@id":"https:\/\/wes.lu\/#website"},"datePublished":"2025-12-17T13:47:27+00:00","dateModified":"2025-12-17T13:49:35+00:00","breadcrumb":{"@id":"https:\/\/wes.lu\/de\/datenschutzerklaerung\/#breadcrumb"},"inLanguage":"de","potentialAction":[{"@type":"ReadAction","target":["https:\/\/wes.lu\/de\/datenschutzerklaerung\/"]}]},{"@type":"BreadcrumbList","@id":"https:\/\/wes.lu\/de\/datenschutzerklaerung\/#breadcrumb","itemListElement":[{"@type":"ListItem","position":1,"name":"Accueil","item":"https:\/\/wes.lu\/?lang=de"},{"@type":"ListItem","position":2,"name":"Datenschutzerkl\u00e4rung"}]},{"@type":"WebSite","@id":"https:\/\/wes.lu\/#website","url":"https:\/\/wes.lu\/","name":"WES","description":"Alles aus enger Hand.","publisher":{"@id":"https:\/\/wes.lu\/#organization"},"potentialAction":[{"@type":"SearchAction","target":{"@type":"EntryPoint","urlTemplate":"https:\/\/wes.lu\/?s={search_term_string}"},"query-input":{"@type":"PropertyValueSpecification","valueRequired":true,"valueName":"search_term_string"}}],"inLanguage":"de"},{"@type":"Organization","@id":"https:\/\/wes.lu\/#organization","name":"WAGNER Electric Solutions","url":"https:\/\/wes.lu\/","logo":{"@type":"ImageObject","inLanguage":"de","@id":"https:\/\/wes.lu\/#\/schema\/logo\/image\/","url":"https:\/\/wes.lu\/wp-content\/uploads\/2021\/10\/FD-electric-Logo-.svg","contentUrl":"https:\/\/wes.lu\/wp-content\/uploads\/2021\/10\/FD-electric-Logo-.svg","width":"1024","height":"1024","caption":"WAGNER Electric Solutions"},"image":{"@id":"https:\/\/wes.lu\/#\/schema\/logo\/image\/"}}]}},"_links":{"self":[{"href":"https:\/\/wes.lu\/de\/wp-json\/wp\/v2\/pages\/469918","targetHints":{"allow":["GET"]}}],"collection":[{"href":"https:\/\/wes.lu\/de\/wp-json\/wp\/v2\/pages"}],"about":[{"href":"https:\/\/wes.lu\/de\/wp-json\/wp\/v2\/types\/page"}],"author":[{"embeddable":true,"href":"https:\/\/wes.lu\/de\/wp-json\/wp\/v2\/users\/1"}],"replies":[{"embeddable":true,"href":"https:\/\/wes.lu\/de\/wp-json\/wp\/v2\/comments?post=469918"}],"version-history":[{"count":5,"href":"https:\/\/wes.lu\/de\/wp-json\/wp\/v2\/pages\/469918\/revisions"}],"predecessor-version":[{"id":469924,"href":"https:\/\/wes.lu\/de\/wp-json\/wp\/v2\/pages\/469918\/revisions\/469924"}],"wp:attachment":[{"href":"https:\/\/wes.lu\/de\/wp-json\/wp\/v2\/media?parent=469918"}],"curies":[{"name":"wp","href":"https:\/\/api.w.org\/{rel}","templated":true}]}}